{"id":7800,"date":"2023-08-04T14:17:46","date_gmt":"2023-08-04T13:17:46","guid":{"rendered":"https:\/\/www.amapbiodevant.fr\/blog\/?page_id=7800"},"modified":"2023-08-04T14:17:46","modified_gmt":"2023-08-04T13:17:46","slug":"pour-adherer","status":"publish","type":"page","link":"https:\/\/www.amapbiodevant.fr\/blog\/pour-adherer\/","title":{"rendered":"Pour Adh\u00e9rer&#8230;"},"content":{"rendered":"\n<p>Il vous faut \u00eatre \u00ab MOTIV\u00c9 \u00bb !<\/p>\n\n\n\n<p>Adh\u00e9rer \u00e0 une AMAP c\u2019est accepter :<\/p>\n\n\n\n<ul class=\"wp-block-list\">\n<li>de cuisiner des l\u00e9gumes que vous n\u2019avez pas forc\u00e9ment l\u2019habitude de manger,<\/li>\n\n\n\n<li>de venir tous les vendredi soir chercher vos commandes.<\/li>\n<\/ul>\n\n\n\n<p>Les adh\u00e9sions se font au file de l\u2019eau tout au long de l\u2019ann\u00e9e en fonction du nombre de places disponibles. En effet afin de maintenir les distributions dans de bonnes conditions, nous limitons le nombre d\u2019adh\u00e9rents \u00e0 80 environs.<\/p>\n\n\n\n<p>La cotisation \u00e0 l\u2019association est de 20 \u20ac par ann\u00e9e calendaire.<\/p>\n\n\n\n<h3 class=\"wp-block-heading\">En adh\u00e9rant vous vous engagez \u00e0&nbsp; :<\/h3>\n\n\n\n<ul class=\"wp-block-list\">\n<li>Commander tous les mois via l\u2019outil mis en place et \u00e0 r\u00e9gler par carte bancaire. Les frais de paiements sont par paiement de 0,3 cts d&rsquo;euros par transaction + 1,5% du montant de la commande.<\/li>\n\n\n\n<li>Rester \u00e0 minima 6 mois<\/li>\n\n\n\n<li>Prendre \u00e0 minima 2 contrats r\u00e9currents et un ou plusieurs contrats ponctuels<\/li>\n\n\n\n<li>Venir chercher votre commande tous les vendredis soirs entre 18h30 et 20h au Foyer Social Les Hypoquets, 48 rue du Capitaine Guynemer<\/li>\n\n\n\n<li>Faire \u00e0 minima deux permanences par semestre<\/li>\n<\/ul>\n\n\n\n<p>Nous sommes une association faite de b\u00e9n\u00e9voles et de bonnes volont\u00e9s. L\u2019implication de chacun est importante pour son bon fonctionnement!<\/p>\n\n\n\n<p>Vous souhaitez adh\u00e9rer ? Passez nous voir \u00e0 une distribution un vendredi soir entre 18h30 et 20h ou envoyez nous un message \u00e0 amapbiodevant@gmail.com<\/p>\n\n\n\n<p><a href=\"https:\/\/www.amapbiodevant.fr\/blog\/?p=185\">Nous contacter<\/a><\/p>\n\n\n\n<figure class=\"wp-block-image\"><a href=\"https:\/\/www.amapbiodevant.fr\/blog\/wp-content\/uploads\/2012\/11\/AMAP-06b.jpg\"><img decoding=\"async\" src=\"https:\/\/www.amapbiodevant.fr\/blog\/wp-content\/uploads\/2012\/11\/AMAP-06b.jpg\" alt=\"AMAP-06b\"\/><\/a><\/figure>\n","protected":false},"excerpt":{"rendered":"<p>Il vous faut \u00eatre \u00ab MOTIV\u00c9 \u00bb ! Adh\u00e9rer \u00e0 une AMAP c\u2019est accepter : Les adh\u00e9sions se font au file de l\u2019eau tout au long de l\u2019ann\u00e9e en fonction du nombre de places disponibles. En effet afin de maintenir les distributions dans de bonnes conditions, nous limitons le nombre&hellip;<\/p>\n","protected":false},"author":1,"featured_media":0,"parent":0,"menu_order":0,"comment_status":"closed","ping_status":"closed","template":"","meta":{"om_disable_all_campaigns":false,"_monsterinsights_skip_tracking":false,"_monsterinsights_sitenote_active":false,"_monsterinsights_sitenote_note":"","_monsterinsights_sitenote_category":0,"_uf_show_specific_survey":0,"_uf_disable_surveys":false,"footnotes":""},"class_list":["post-7800","page","type-page","status-publish","hentry","entry","clearfix","no-featured-image"],"_links":{"self":[{"href":"https:\/\/www.amapbiodevant.fr\/blog\/wp-json\/wp\/v2\/pages\/7800","targetHints":{"allow":["GET"]}}],"collection":[{"href":"https:\/\/www.amapbiodevant.fr\/blog\/wp-json\/wp\/v2\/pages"}],"about":[{"href":"https:\/\/www.amapbiodevant.fr\/blog\/wp-json\/wp\/v2\/types\/page"}],"author":[{"embeddable":true,"href":"https:\/\/www.amapbiodevant.fr\/blog\/wp-json\/wp\/v2\/users\/1"}],"replies":[{"embeddable":true,"href":"https:\/\/www.amapbiodevant.fr\/blog\/wp-json\/wp\/v2\/comments?post=7800"}],"version-history":[{"count":1,"href":"https:\/\/www.amapbiodevant.fr\/blog\/wp-json\/wp\/v2\/pages\/7800\/revisions"}],"predecessor-version":[{"id":7801,"href":"https:\/\/www.amapbiodevant.fr\/blog\/wp-json\/wp\/v2\/pages\/7800\/revisions\/7801"}],"wp:attachment":[{"href":"https:\/\/www.amapbiodevant.fr\/blog\/wp-json\/wp\/v2\/media?parent=7800"}],"curies":[{"name":"wp","href":"https:\/\/api.w.org\/{rel}","templated":true}]}}