{"id":21,"date":"2011-10-16T19:43:57","date_gmt":"2011-10-16T17:43:57","guid":{"rendered":"http:\/\/www.amapbiodevant.fr\/blog\/?page_id=21"},"modified":"2023-07-30T20:39:32","modified_gmt":"2023-07-30T19:39:32","slug":"notre-reseau","status":"publish","type":"page","link":"https:\/\/www.amapbiodevant.fr\/blog\/notre-reseau\/","title":{"rendered":"Notre r\u00e9seau"},"content":{"rendered":"<p style=\"text-align: justify;\"><strong>Bio Devant<\/strong> Courbevoie\u00a0s&rsquo;engage d\u00e9finitivement au respect\u00a0de la Charte des AMAP.\u00a0Pour m\u00e9moire, une AMAP est une Association pour le Maintien d&rsquo;une Agriculture Paysanne ayant pour objectif de pr\u00e9server l&rsquo;existence et la continuit\u00e9 des fermes de proximit\u00e9 dans une logique d\u2019agriculture durable.<\/p>\n<p style=\"text-align: justify;\"><!--more--><br \/>\nC&rsquo;est-\u00e0-dire une agriculture paysanne, socialement \u00e9quitable et \u00e9cologiquement saine, de permettre \u00e0 des consommateurs d\u2019acheter \u00e0 un prix juste des produits d\u2019alimentation de qualit\u00e9 de leur choix,\u00a0en \u00e9tant inform\u00e9s de leur origine et de la fa\u00e7on dont ils ont \u00e9t\u00e9 produits, et de participer activement \u00e0 la sauvegarde et au d\u00e9veloppement de l\u2019activit\u00e9 agricole locale dans le respect d\u2019un d\u00e9veloppement durable.<\/p>\n<p style=\"text-align: justify;\">Elle r\u00e9unit un groupe de consommateurs et des agriculteurs de proximit\u00e9 autour de contrats dans lesquels chaque consommateur ach\u00e8te en d\u00e9but de saison une part de la production qui lui est livr\u00e9e p\u00e9riodiquement \u00e0 un co\u00fbt constant. Le producteur s\u2019engage \u00e0 fournir des produits de qualit\u00e9 dans le respect de la charte des AMAP.<\/p>\n","protected":false},"excerpt":{"rendered":"<p>Bio Devant Courbevoie\u00a0s&rsquo;engage d\u00e9finitivement au respect\u00a0de la Charte des AMAP.\u00a0Pour m\u00e9moire, une AMAP est une Association pour le Maintien d&rsquo;une Agriculture Paysanne ayant pour objectif de pr\u00e9server l&rsquo;existence et la continuit\u00e9 des fermes de proximit\u00e9 dans une logique d\u2019agriculture durable.<\/p>\n","protected":false},"author":1,"featured_media":1980,"parent":0,"menu_order":6,"comment_status":"open","ping_status":"closed","template":"","meta":{"om_disable_all_campaigns":false,"_monsterinsights_skip_tracking":false,"_monsterinsights_sitenote_active":false,"_monsterinsights_sitenote_note":"","_monsterinsights_sitenote_category":0,"_uf_show_specific_survey":0,"_uf_disable_surveys":false,"footnotes":""},"class_list":["post-21","page","type-page","status-publish","has-post-thumbnail","hentry","entry","clearfix"],"_links":{"self":[{"href":"https:\/\/www.amapbiodevant.fr\/blog\/wp-json\/wp\/v2\/pages\/21","targetHints":{"allow":["GET"]}}],"collection":[{"href":"https:\/\/www.amapbiodevant.fr\/blog\/wp-json\/wp\/v2\/pages"}],"about":[{"href":"https:\/\/www.amapbiodevant.fr\/blog\/wp-json\/wp\/v2\/types\/page"}],"author":[{"embeddable":true,"href":"https:\/\/www.amapbiodevant.fr\/blog\/wp-json\/wp\/v2\/users\/1"}],"replies":[{"embeddable":true,"href":"https:\/\/www.amapbiodevant.fr\/blog\/wp-json\/wp\/v2\/comments?post=21"}],"version-history":[{"count":17,"href":"https:\/\/www.amapbiodevant.fr\/blog\/wp-json\/wp\/v2\/pages\/21\/revisions"}],"predecessor-version":[{"id":7692,"href":"https:\/\/www.amapbiodevant.fr\/blog\/wp-json\/wp\/v2\/pages\/21\/revisions\/7692"}],"wp:featuredmedia":[{"embeddable":true,"href":"https:\/\/www.amapbiodevant.fr\/blog\/wp-json\/wp\/v2\/media\/1980"}],"wp:attachment":[{"href":"https:\/\/www.amapbiodevant.fr\/blog\/wp-json\/wp\/v2\/media?parent=21"}],"curies":[{"name":"wp","href":"https:\/\/api.w.org\/{rel}","templated":true}]}}