{"id":185,"date":"2011-10-20T12:42:29","date_gmt":"2011-10-20T10:42:29","guid":{"rendered":"http:\/\/www.amapbiodevant.fr\/blog\/?page_id=185"},"modified":"2024-05-16T22:37:20","modified_gmt":"2024-05-16T21:37:20","slug":"contact-bio-devant","status":"publish","type":"page","link":"https:\/\/www.amapbiodevant.fr\/blog\/contact-bio-devant\/","title":{"rendered":"Contact BIO DEVANT"},"content":{"rendered":"<p>Vous souhaitez entrer en contact avec nous pour plus de renseignements apr\u00e8s avoir <a href=\"https:\/\/www.amapbiodevant.fr\/blog\/?p=195\">consulter tout ce qu&rsquo;il faut savoir<\/a>&#8230;\u00a0 ?<\/p>\n<p>Le mieux est de vous d\u00e9placer un vendredi soir entre 18h30 et 20h au Foyer Social Les Hypoquets, 48 rue du Capitaine Guynemer \u00e0 Courbevoie, ou de nous \u00e9crire par le formulaire ci-dessous, ou directement sur notre adresse mail amapbiodevant@gmail.com.<\/p>\n\n\n<div class=\"wpcf7 no-js\" id=\"wpcf7-f4294-o1\" lang=\"fr-FR\" dir=\"ltr\" data-wpcf7-id=\"4294\">\n<div class=\"screen-reader-response\"><p role=\"status\" aria-live=\"polite\" aria-atomic=\"true\"><\/p> <ul><\/ul><\/div>\n<form action=\"\/blog\/wp-json\/wp\/v2\/pages\/185#wpcf7-f4294-o1\" method=\"post\" class=\"wpcf7-form init\" aria-label=\"Formulaire de contact\" novalidate=\"novalidate\" data-status=\"init\">\n<fieldset class=\"hidden-fields-container\"><input type=\"hidden\" name=\"_wpcf7\" value=\"4294\" \/><input type=\"hidden\" name=\"_wpcf7_version\" value=\"6.1.5\" \/><input type=\"hidden\" name=\"_wpcf7_locale\" value=\"fr_FR\" \/><input type=\"hidden\" name=\"_wpcf7_unit_tag\" value=\"wpcf7-f4294-o1\" \/><input type=\"hidden\" name=\"_wpcf7_container_post\" value=\"0\" \/><input type=\"hidden\" name=\"_wpcf7_posted_data_hash\" value=\"\" \/>\n<\/fieldset>\n<p>Nom* :\n<\/p>\n<p><span class=\"wpcf7-form-control-wrap\" data-name=\"your-name\"><input size=\"40\" maxlength=\"400\" class=\"wpcf7-form-control wpcf7-text wpcf7-validates-as-required\" aria-required=\"true\" aria-invalid=\"false\" value=\"\" type=\"text\" name=\"your-name\" \/><\/span>\n<\/p>\n<p>Pr\u00e9nom* :\n<\/p>\n<p><span class=\"wpcf7-form-control-wrap\" data-name=\"Prnom\"><input size=\"40\" maxlength=\"400\" class=\"wpcf7-form-control wpcf7-text wpcf7-validates-as-required\" aria-required=\"true\" aria-invalid=\"false\" value=\"\" type=\"text\" name=\"Prnom\" \/><\/span>\n<\/p>\n<p>Adresse e-mail* :\n<\/p>\n<p><span class=\"wpcf7-form-control-wrap\" data-name=\"your-email\"><input size=\"40\" maxlength=\"400\" class=\"wpcf7-form-control wpcf7-email wpcf7-validates-as-required wpcf7-text wpcf7-validates-as-email\" aria-required=\"true\" aria-invalid=\"false\" value=\"\" type=\"email\" name=\"your-email\" \/><\/span>\n<\/p>\n<p>T\u00e9l\u00e9phone* :\n<\/p>\n<p><span class=\"wpcf7-form-control-wrap\" data-name=\"Tlphone\"><input size=\"40\" maxlength=\"400\" class=\"wpcf7-form-control wpcf7-tel wpcf7-validates-as-required wpcf7-text wpcf7-validates-as-tel\" aria-required=\"true\" aria-invalid=\"false\" value=\"\" type=\"tel\" name=\"Tlphone\" \/><\/span>\n<\/p>\n<p>Adresse :\n<\/p>\n<p><span class=\"wpcf7-form-control-wrap\" data-name=\"adresse\"><textarea cols=\"40\" rows=\"10\" maxlength=\"2000\" class=\"wpcf7-form-control wpcf7-textarea\" aria-invalid=\"false\" name=\"adresse\"><\/textarea><\/span>\n<\/p>\n<p>Code postal* :\n<\/p>\n<p><span class=\"wpcf7-form-control-wrap\" data-name=\"codepostal\"><input size=\"40\" maxlength=\"400\" class=\"wpcf7-form-control wpcf7-text wpcf7-validates-as-required\" aria-required=\"true\" aria-invalid=\"false\" value=\"\" type=\"text\" name=\"codepostal\" \/><\/span>\n<\/p>\n<p><br \/>\nVille* :\n<\/p>\n<p><span class=\"wpcf7-form-control-wrap\" data-name=\"ville\"><input size=\"40\" maxlength=\"400\" class=\"wpcf7-form-control wpcf7-text wpcf7-validates-as-required\" aria-required=\"true\" aria-invalid=\"false\" value=\"\" type=\"text\" name=\"ville\" \/><\/span>\n<\/p>\n<p>Sujet\n<\/p>\n<p><span class=\"wpcf7-form-control-wrap\" data-name=\"your-subject\"><input size=\"40\" maxlength=\"400\" class=\"wpcf7-form-control wpcf7-text\" aria-invalid=\"false\" value=\"\" type=\"text\" name=\"your-subject\" \/><\/span>\n<\/p>\n<p>Votre message*\n<\/p>\n<p><span class=\"wpcf7-form-control-wrap\" data-name=\"your-message\"><textarea cols=\"40\" rows=\"10\" maxlength=\"2000\" class=\"wpcf7-form-control wpcf7-textarea wpcf7-validates-as-required\" aria-required=\"true\" aria-invalid=\"false\" name=\"your-message\"><\/textarea><\/span>\n<\/p>\n<p><input class=\"wpcf7-form-control wpcf7-submit has-spinner\" type=\"submit\" value=\"Envoyer\" \/>\n<\/p><p style=\"display: none !important;\" class=\"akismet-fields-container\" data-prefix=\"_wpcf7_ak_\"><label>&#916;<textarea name=\"_wpcf7_ak_hp_textarea\" cols=\"45\" rows=\"8\" maxlength=\"100\"><\/textarea><\/label><input type=\"hidden\" id=\"ak_js_1\" name=\"_wpcf7_ak_js\" value=\"240\"\/><script>document.getElementById( \"ak_js_1\" ).setAttribute( \"value\", ( new Date() ).getTime() );<\/script><\/p><div class=\"wpcf7-response-output\" aria-hidden=\"true\"><\/div>\n<\/form>\n<\/div>\n\n","protected":false},"excerpt":{"rendered":"<p>Vous souhaitez entrer en contact avec nous pour plus de renseignements apr\u00e8s avoir consulter tout ce qu&rsquo;il faut savoir&#8230;\u00a0 ? Le mieux est de vous d\u00e9placer un vendredi soir entre 18h30 et 20h au Foyer Social Les Hypoquets, 48 rue du Capitaine Guynemer \u00e0 Courbevoie, ou de nous \u00e9crire par&hellip;<\/p>\n","protected":false},"author":1,"featured_media":0,"parent":0,"menu_order":3,"comment_status":"closed","ping_status":"closed","template":"","meta":{"om_disable_all_campaigns":false,"_monsterinsights_skip_tracking":false,"_monsterinsights_sitenote_active":false,"_monsterinsights_sitenote_note":"","_monsterinsights_sitenote_category":0,"_uf_show_specific_survey":0,"_uf_disable_surveys":false,"footnotes":""},"class_list":["post-185","page","type-page","status-publish","hentry","entry","clearfix","no-featured-image"],"_links":{"self":[{"href":"https:\/\/www.amapbiodevant.fr\/blog\/wp-json\/wp\/v2\/pages\/185","targetHints":{"allow":["GET"]}}],"collection":[{"href":"https:\/\/www.amapbiodevant.fr\/blog\/wp-json\/wp\/v2\/pages"}],"about":[{"href":"https:\/\/www.amapbiodevant.fr\/blog\/wp-json\/wp\/v2\/types\/page"}],"author":[{"embeddable":true,"href":"https:\/\/www.amapbiodevant.fr\/blog\/wp-json\/wp\/v2\/users\/1"}],"replies":[{"embeddable":true,"href":"https:\/\/www.amapbiodevant.fr\/blog\/wp-json\/wp\/v2\/comments?post=185"}],"version-history":[{"count":18,"href":"https:\/\/www.amapbiodevant.fr\/blog\/wp-json\/wp\/v2\/pages\/185\/revisions"}],"predecessor-version":[{"id":8003,"href":"https:\/\/www.amapbiodevant.fr\/blog\/wp-json\/wp\/v2\/pages\/185\/revisions\/8003"}],"wp:attachment":[{"href":"https:\/\/www.amapbiodevant.fr\/blog\/wp-json\/wp\/v2\/media?parent=185"}],"curies":[{"name":"wp","href":"https:\/\/api.w.org\/{rel}","templated":true}]}}